{"id":2827,"date":"2022-07-28T17:03:36","date_gmt":"2022-07-28T15:03:36","guid":{"rendered":"https:\/\/umzug.steinmetz-schleiftechnik.de.w01cb5cb.kasserver.com\/?page_id=2827"},"modified":"2025-05-14T21:12:44","modified_gmt":"2025-05-14T19:12:44","slug":"spindelhalter","status":"publish","type":"page","link":"https:\/\/steinmetz-schleiftechnik.de\/en\/produkte\/spindelhalter\/","title":{"rendered":"Spindelhalter"},"content":{"rendered":"\r\n<div class=\"wp-block-group\"><div class=\"wp-block-group__inner-container is-layout-flow wp-block-group-is-layout-flow\">\r\n<h1 class=\"wp-block-heading\">Spindelhalter<\/h1>\r\n\r\n\r\n\r\n<div class=\"wp-block-columns is-layout-flex wp-container-core-columns-is-layout-9d6595d7 wp-block-columns-is-layout-flex\">\r\n<div class=\"wp-block-column is-layout-flow wp-block-column-is-layout-flow\">\r\n<figure class=\"wp-block-image size-full\"><img fetchpriority=\"high\" decoding=\"async\" width=\"575\" height=\"239\" class=\"wp-image-2185\" src=\"https:\/\/steinmetz-schleiftechnik.de\/wp-content\/uploads\/2022\/07\/spindelhalter_gross.png\" alt=\"\" srcset=\"https:\/\/steinmetz-schleiftechnik.de\/wp-content\/uploads\/2022\/07\/spindelhalter_gross.png 575w, https:\/\/steinmetz-schleiftechnik.de\/wp-content\/uploads\/2022\/07\/spindelhalter_gross-300x125.png 300w\" sizes=\"(max-width: 575px) 100vw, 575px\" \/><\/figure>\r\n<\/div>\r\n\r\n\r\n\r\n<div class=\"wp-block-column is-layout-flow wp-block-column-is-layout-flow\">\r\n<figure class=\"wp-block-image size-full\"><img decoding=\"async\" width=\"575\" height=\"329\" class=\"wp-image-2186\" src=\"https:\/\/steinmetz-schleiftechnik.de\/wp-content\/uploads\/2022\/07\/spindelhalter_gross.gif\" alt=\"\" \/><\/figure>\r\n<\/div>\r\n<\/div>\r\n\r\n\r\n\r\n<h5 class=\"wp-block-heading\">=> Eine Zeichnung kann durch Klick auf unterstrichene Produkte in der Tabelle angezeigt und heruntergeladen werden (jeweils als PDF-Datei \u2013 \u00f6ffnet in neuem Fenster):<\/h5>\r\n\r\n\r\n\r\n<div class=\"wp-block-columns is-layout-flex wp-container-core-columns-is-layout-9d6595d7 wp-block-columns-is-layout-flex\">\r\n<div class=\"wp-block-column is-layout-flow wp-block-column-is-layout-flow\">\r\n<p>Unsere Spindelhalter gew\u00e4hren eine hohe Stabilit\u00e4t, damit die bestm\u00f6gliche Pr\u00e4zision beim Abrichten mit unseren Diamantrollen-Abrichtspindeln gew\u00e4hrleistet ist. Hergestellt sind die Spindelhalter aus GG25 spannungsarm gegl\u00fcht. Die Anschraubfl\u00e4che ist feinstbearbeitet, damit die Parallelit\u00e4t von 0,01 mm zur Aufnahmebohrung gew\u00e4hrleistet ist.<\/p>\r\n<\/div>\r\n\r\n\r\n\r\n<div class=\"wp-block-column is-layout-flow wp-block-column-is-layout-flow\">\r\n<p>Die Halbschalen werden nach dem Ausspindeln um 0,05 mm abgeschliffen, denn so ist sichergestellt, dass die Abrichtspindel geklemmt wird, ohne zu gro\u00dfen Druck auf das Spindelgeh\u00e4use auszu\u00fcben.<\/p>\r\n<\/div>\r\n<\/div>\r\n\r\n\r\n\r\n<p>&nbsp;<\/p>\r\n\r\n\r\n\r\n<figure id=\"table_202\" class=\"wp-block-table is-style-stripes\">\r\n<table>\r\n<tbody>\r\n<tr>\r\n<td>\u2028Bezeichnung<\/td>\r\n<td>\u00d8 A\u2028 mm<\/td>\r\n<td>B\u2028 mm<\/td>\r\n<td>C \u2028mm<\/td>\r\n<td>D \u2028mm<\/td>\r\n<td>E\u2028 mm<\/td>\r\n<td>\u00d8 F mm<\/td>\r\n<td>G\u2028 mm<\/td>\r\n<td>H\u2028 mm<\/td>\r\n<td>I mm<\/td>\r\n<td>J\u2028 mm<\/td>\r\n<td>K\u2028 mm<\/td>\r\n<td>L\u2028<br \/>mm<\/td>\r\n<td>M\u2028<br \/>mm<\/td>\r\n<\/tr>\r\n<tr>\r\n<td><a href=\"https:\/\/steinmetz-schleiftechnik.de\/wp-content\/uploads\/2022\/08\/SA42x50.pdf\" target=\"_blank\" rel=\"noreferrer noopener\">SA42x50<\/a><\/td>\r\n<td>42<\/td>\r\n<td>60<\/td>\r\n<td>50<\/td>\r\n<td>120<\/td>\r\n<td>85<\/td>\r\n<td>9<\/td>\r\n<td>12<\/td>\r\n<td>108<\/td>\r\n<td>15<\/td>\r\n<td>45<\/td>\r\n<td>70<\/td>\r\n<td>20<\/td>\r\n<td>20<\/td>\r\n<\/tr>\r\n<tr>\r\n<td><a href=\"https:\/\/steinmetz-schleiftechnik.de\/wp-content\/uploads\/2022\/08\/SA58x60.pdf\" target=\"_blank\" rel=\"noreferrer noopener\">SA58x60<\/a><\/td>\r\n<td>58<\/td>\r\n<td>70<\/td>\r\n<td>60<\/td>\r\n<td>140<\/td>\r\n<td>105<\/td>\r\n<td>11<\/td>\r\n<td>12<\/td>\r\n<td>128<\/td>\r\n<td>15<\/td>\r\n<td>55<\/td>\r\n<td>85<\/td>\r\n<td>25<\/td>\r\n<td>25<\/td>\r\n<\/tr>\r\n<tr>\r\n<td><a href=\"https:\/\/steinmetz-schleiftechnik.de\/wp-content\/uploads\/2022\/08\/SA72x80.pdf\" target=\"_blank\" rel=\"noreferrer noopener\">SA72x80<\/a><\/td>\r\n<td>72<\/td>\r\n<td>96<\/td>\r\n<td>80<\/td>\r\n<td>155<\/td>\r\n<td>130<\/td>\r\n<td>11<\/td>\r\n<td>12<\/td>\r\n<td>143<\/td>\r\n<td>13<\/td>\r\n<td>83<\/td>\r\n<td>105<\/td>\r\n<td>25<\/td>\r\n<td>25<\/td>\r\n<\/tr>\r\n<tr>\r\n<td><a href=\"https:\/\/steinmetz-schleiftechnik.de\/wp-content\/uploads\/2022\/08\/SA80x80.pdf\" target=\"_blank\" rel=\"noreferrer noopener\">SA80x80<\/a><\/td>\r\n<td>80<\/td>\r\n<td>100<\/td>\r\n<td>80<\/td>\r\n<td>160<\/td>\r\n<td>130<\/td>\r\n<td>11<\/td>\r\n<td>12<\/td>\r\n<td>148<\/td>\r\n<td>15<\/td>\r\n<td>85<\/td>\r\n<td>105<\/td>\r\n<td>25<\/td>\r\n<td>25<\/td>\r\n<\/tr>\r\n<tr>\r\n<td><a href=\"https:\/\/steinmetz-schleiftechnik.de\/wp-content\/uploads\/2022\/08\/SA90x100.pdf\" target=\"_blank\" rel=\"noreferrer noopener\">SA90x100<\/a><\/td>\r\n<td>90<\/td>\r\n<td>120<\/td>\r\n<td>100<\/td>\r\n<td>170<\/td>\r\n<td>160<\/td>\r\n<td>11<\/td>\r\n<td>12<\/td>\r\n<td>158<\/td>\r\n<td>15<\/td>\r\n<td>105<\/td>\r\n<td>135<\/td>\r\n<td>25<\/td>\r\n<td>35<\/td>\r\n<\/tr>\r\n<tr>\r\n<td><a href=\"https:\/\/steinmetz-schleiftechnik.de\/wp-content\/uploads\/2022\/08\/SA100x100.pdf\" target=\"_blank\" rel=\"noreferrer noopener\">SA100x100<\/a><\/td>\r\n<td>100<\/td>\r\n<td>170<\/td>\r\n<td>100<\/td>\r\n<td>180<\/td>\r\n<td>160<\/td>\r\n<td>11<\/td>\r\n<td>12<\/td>\r\n<td>168<\/td>\r\n<td>15<\/td>\r\n<td>155<\/td>\r\n<td>135<\/td>\r\n<td>25<\/td>\r\n<td>35<\/td>\r\n<\/tr>\r\n<tr>\r\n<td><a href=\"https:\/\/steinmetz-schleiftechnik.de\/wp-content\/uploads\/2022\/08\/SA120x120.pdf\" target=\"_blank\" rel=\"noreferrer noopener\">SA120x120<\/a><\/td>\r\n<td>120<\/td>\r\n<td>170<\/td>\r\n<td>120<\/td>\r\n<td>210<\/td>\r\n<td>195<\/td>\r\n<td>14<\/td>\r\n<td>12<\/td>\r\n<td>198<\/td>\r\n<td>15<\/td>\r\n<td>155<\/td>\r\n<td>165<\/td>\r\n<td>30<\/td>\r\n<td>40<\/td>\r\n<\/tr>\r\n<\/tbody>\r\n<\/table>\r\n<\/figure>\r\n<\/div><\/div>\r\n","protected":false},"excerpt":{"rendered":"<p>Spindelhalter => Eine Zeichnung kann durch Klick auf unterstrichene Produkte in der Tabelle angezeigt und heruntergeladen werden (jeweils als PDF-Datei \u2013 \u00f6ffnet in neuem Fenster): Unsere Spindelhalter gew\u00e4hren eine hohe Stabilit\u00e4t, damit die bestm\u00f6gliche Pr\u00e4zision beim Abrichten mit unseren Diamantrollen-Abrichtspindeln gew\u00e4hrleistet ist. Hergestellt sind die Spindelhalter aus GG25 spannungsarm gegl\u00fcht. Die Anschraubfl\u00e4che ist feinstbearbeitet, damit [&hellip;]<\/p>\n","protected":false},"author":5,"featured_media":3859,"parent":9,"menu_order":30,"comment_status":"closed","ping_status":"closed","template":"","meta":{"footnotes":""},"class_list":["post-2827","page","type-page","status-publish","has-post-thumbnail","hentry"],"_links":{"self":[{"href":"https:\/\/steinmetz-schleiftechnik.de\/en\/wp-json\/wp\/v2\/pages\/2827","targetHints":{"allow":["GET"]}}],"collection":[{"href":"https:\/\/steinmetz-schleiftechnik.de\/en\/wp-json\/wp\/v2\/pages"}],"about":[{"href":"https:\/\/steinmetz-schleiftechnik.de\/en\/wp-json\/wp\/v2\/types\/page"}],"author":[{"embeddable":true,"href":"https:\/\/steinmetz-schleiftechnik.de\/en\/wp-json\/wp\/v2\/users\/5"}],"replies":[{"embeddable":true,"href":"https:\/\/steinmetz-schleiftechnik.de\/en\/wp-json\/wp\/v2\/comments?post=2827"}],"version-history":[{"count":11,"href":"https:\/\/steinmetz-schleiftechnik.de\/en\/wp-json\/wp\/v2\/pages\/2827\/revisions"}],"predecessor-version":[{"id":4737,"href":"https:\/\/steinmetz-schleiftechnik.de\/en\/wp-json\/wp\/v2\/pages\/2827\/revisions\/4737"}],"up":[{"embeddable":true,"href":"https:\/\/steinmetz-schleiftechnik.de\/en\/wp-json\/wp\/v2\/pages\/9"}],"wp:featuredmedia":[{"embeddable":true,"href":"https:\/\/steinmetz-schleiftechnik.de\/en\/wp-json\/wp\/v2\/media\/3859"}],"wp:attachment":[{"href":"https:\/\/steinmetz-schleiftechnik.de\/en\/wp-json\/wp\/v2\/media?parent=2827"}],"curies":[{"name":"wp","href":"https:\/\/api.w.org\/{rel}","templated":true}]}}